{"id":52,"date":"2020-01-02T12:51:43","date_gmt":"2020-01-02T11:51:43","guid":{"rendered":"http:\/\/rainbowlogie.be\/?page_id=52"},"modified":"2026-03-06T17:36:19","modified_gmt":"2026-03-06T16:36:19","slug":"infos","status":"publish","type":"page","link":"https:\/\/rainbowlogie.be\/index.php\/infos\/","title":{"rendered":"Infos"},"content":{"rendered":"\r\n<p><strong>Rainbowlogie<\/strong><\/p>\r\n\r\n\r\n\r\n<figure class=\"wp-block-image size-large\"><img fetchpriority=\"high\" decoding=\"async\" class=\"size-medium wp-image-41 aligncenter\" src=\"https:\/\/rainbowlogie.be\/wp-content\/uploads\/2019\/12\/cropped-Rainbowlogie-300x300.jpg\" alt=\"\" width=\"300\" height=\"300\" srcset=\"https:\/\/rainbowlogie.be\/wp-content\/uploads\/2019\/12\/cropped-Rainbowlogie-300x300.jpg 300w, https:\/\/rainbowlogie.be\/wp-content\/uploads\/2019\/12\/cropped-Rainbowlogie-150x150.jpg 150w, https:\/\/rainbowlogie.be\/wp-content\/uploads\/2019\/12\/cropped-Rainbowlogie-768x768.jpg 768w, https:\/\/rainbowlogie.be\/wp-content\/uploads\/2019\/12\/cropped-Rainbowlogie-1024x1024.jpg 1024w, https:\/\/rainbowlogie.be\/wp-content\/uploads\/2019\/12\/cropped-Rainbowlogie-800x800.jpg 800w, https:\/\/rainbowlogie.be\/wp-content\/uploads\/2019\/12\/cropped-Rainbowlogie.jpg 1200w\" sizes=\"(max-width: 300px) 100vw, 300px\" \/><\/figure>\r\n\r\n\r\n\r\n<p>Asbl bas\u00e9e \u00e0 Havay, depuis plus de 7 ans nous vous accueillons <br \/>*sur <strong>un terrain de 2ha \u00e0 Rongy<\/strong>, pr\u00e8s de Tournai<br \/>*en <strong>Laponie<\/strong> Finlandaise<br \/>pour des <strong>partages, rencontres &amp; retraites. <br \/>Nous souvenir ensemble que tout est Un.<\/strong><\/p>\r\n\r\n\r\n\r\n\r\n\r\n<p>Pour \u00eatre tenu inform\u00e9 de nos activit\u00e9s, envoyez un mail \u00e0 <a href=\"mailto:rainbowlogie@gmail.com\">rainbowlogie@gmail.com<\/a><\/p>\r\n\r\n\r\n\r\n<h2 class=\"wp-block-heading\">Rainbowlogie?<\/h2>\r\n\r\n\r\n\r\n<p>En d\u00e9finition, \u201c<strong>Rainbow<\/strong>\u201d c&rsquo;est \u00e0 dire \u201cArc-en-ciel\u201d est un ph\u00e9nom\u00e8ne optique, produit par la r\u00e9fraction, la r\u00e9flexion et la dispersion des radiations color\u00e9es composant <strong>la lumi\u00e8re<\/strong> <strong>blanche<\/strong> du soleil par les gouttelettes d&rsquo;humidit\u00e9 pr\u00e9sentes dans l&rsquo;atmosph\u00e8re. Il contient un d\u00e9grad\u00e9 de couleurs recouvrant toutes les teintes monochromatiques.<br \/>Isaac Newton le d\u00e9coupa en 7 couleurs : rouge, orange, jaune, vert, bleu, indigo, violet.<br \/><br \/><strong>Les couleurs semblent s\u00e9par\u00e9es<\/strong>, mais se fondent entre elles, passant subtilement de l&rsquo;une \u00e0 l&rsquo;autre. Le blanc, travers\u00e9 par la lumi\u00e8re, <strong>semble se diviser en diff\u00e9rentes couleurs.<\/strong><\/p>\r\n\r\n\r\n\r\n\r\n\r\n<p>Il \u00e9merveille, illumine les visages des petits comme des grands, pendant ou apr\u00e8s l&rsquo;averse. Vaporeux et onirique, il fait partie des plus belles l\u00e9gendes : un chemin,\u00a0<strong>un pont entre deux mondes<\/strong>, la relation entre les hommes et les dieux, entre le ciel et la terre, le yin et le yang,\u00a0<strong>signe d&rsquo;harmonie de l&rsquo;univers<\/strong>, ou encore un serpent mythique\u2026 il est aussi forc\u00e9ment associ\u00e9 aux licornes et \u00e0 nos coeurs d&rsquo;enfants.<\/p>\r\n\r\n\r\n\r\n<p>Dans nos r\u00eaves, il annonce une p\u00e9riode de chance, il transforme l&rsquo;\u00e9tat des choses et des situations, il <strong>symbolise l&rsquo;\u00e9nergie<\/strong>.<\/p>\r\n\r\n\r\n\r\n<p>Ce sont aussi les <strong>7 couleurs de nos Chakras (corps subtil)<\/strong><\/p>\r\n\r\n\r\n\r\n<p>Ph\u00e9nom\u00e8ne Naturel, li\u00e9 au ciel, la terre, le soleil, la lune, l&rsquo;air ou encore l&rsquo;eau, il r\u00e9unit les \u00e9l\u00e9ments, et par sa beaut\u00e9 met d&rsquo;accord les septiques.<\/p>\r\n\r\n\r\n\r\n<p><strong>Il apparait, rayonne, surplombe, embellit<\/strong> puis dispara\u00eet. O\u00f9 que l&rsquo;on soit, on n&rsquo;en voit ni le d\u00e9but, ni la fin, <strong>on ne<\/strong> <strong>peut le toucher mais on peut pourtant l&rsquo;observer<\/strong>.<\/p>\r\n\r\n\r\n\r\n<p><strong>RAINBOWLOGIE<\/strong>\u00a0ou comment <strong>rayonner, \u00eatre en lien, un pont, se rencontrer, se retrouver, \u00e9changer, partager, s&rsquo;ouvrir et se souvenir <\/strong>de qui nous sommes r\u00e9ellement au coeur de la Nature.<br \/><br \/>Apprendre \u00e0 regarder autrement <strong>ce que la vie nous propose<\/strong>, revenir \u00e0 l&rsquo;exp\u00e9rience <strong>ici &amp; maintenant.<\/strong><br \/><br \/><\/p>\r\n\r\n\r\n\r\n\r\n\r\n<p>\u00a9 textes + photo Christine Massy<br \/>Sources :<br \/>\u201cDictionnaire des symboles\u201d Jean Chevalier . Alain Gheerbrandt<br \/>\u201cLe Guide du r\u00eave et de ses symboles\u201d Marie Coupal<\/p>\r\n","protected":false},"excerpt":{"rendered":"<p>Rainbowlogie Asbl bas\u00e9e \u00e0 Havay, depuis plus de 7 ans nous vous accueillons *sur un terrain de 2ha \u00e0 Rongy, pr\u00e8s de Tournai*en Laponie Finlandaisepour des partages, rencontres &amp; retraites. Nous souvenir ensemble que tout est Un. Pour \u00eatre tenu inform\u00e9 de nos activit\u00e9s, envoyez un mail \u00e0 rainbowlogie@gmail.com Rainbowlogie? En d\u00e9finition, \u201cRainbow\u201d c&rsquo;est \u00e0<\/p>\n<div class=\"read-more-wrapper\"><a  href=\"https:\/\/rainbowlogie.be\/index.php\/infos\/\" title=\"Read More\"> <span class=\"nobutton\"> [&hellip;] <\/span><\/a><\/div>\n","protected":false},"author":1,"featured_media":0,"parent":0,"menu_order":0,"comment_status":"closed","ping_status":"closed","template":"","meta":{"footnotes":""},"class_list":["post-52","page","type-page","status-publish","hentry"],"_links":{"self":[{"href":"https:\/\/rainbowlogie.be\/index.php\/wp-json\/wp\/v2\/pages\/52","targetHints":{"allow":["GET"]}}],"collection":[{"href":"https:\/\/rainbowlogie.be\/index.php\/wp-json\/wp\/v2\/pages"}],"about":[{"href":"https:\/\/rainbowlogie.be\/index.php\/wp-json\/wp\/v2\/types\/page"}],"author":[{"embeddable":true,"href":"https:\/\/rainbowlogie.be\/index.php\/wp-json\/wp\/v2\/users\/1"}],"replies":[{"embeddable":true,"href":"https:\/\/rainbowlogie.be\/index.php\/wp-json\/wp\/v2\/comments?post=52"}],"version-history":[{"count":17,"href":"https:\/\/rainbowlogie.be\/index.php\/wp-json\/wp\/v2\/pages\/52\/revisions"}],"predecessor-version":[{"id":2999,"href":"https:\/\/rainbowlogie.be\/index.php\/wp-json\/wp\/v2\/pages\/52\/revisions\/2999"}],"wp:attachment":[{"href":"https:\/\/rainbowlogie.be\/index.php\/wp-json\/wp\/v2\/media?parent=52"}],"curies":[{"name":"wp","href":"https:\/\/api.w.org\/{rel}","templated":true}]}}