{"id":1379,"date":"2021-03-01T22:09:24","date_gmt":"2021-03-01T21:09:24","guid":{"rendered":"http:\/\/rainbowlogie.be\/?page_id=1379"},"modified":"2021-03-01T22:26:33","modified_gmt":"2021-03-01T21:26:33","slug":"replay","status":"publish","type":"page","link":"https:\/\/rainbowlogie.be\/index.php\/replay\/","title":{"rendered":"Replay"},"content":{"rendered":"\n<h2 class=\"wp-block-heading\">Gemmoth\u00e9rapie<\/h2>\n\n\n\n<p>\u00b0Gemmotherapie, se soigner avec les bourgeons des arbres. Initiation.<br>\u00b0 <strong>Atelier en 2 parties<\/strong>: <strong>th\u00e9orie<\/strong> (+\/- 2h par module)<\/p>\n\n\n\n<p>Apprendre \u00e0 se soigner avec les bourgeons des arbres qui nous entourent, pour <strong>plus d&rsquo;autonomie et de lien avec la Nature et le vivant<\/strong>.<\/p>\n\n\n\n<p><strong>>Th\u00e9orie en ligne<\/strong>, en 2 parties en vid\u00e9oconf\u00e9rence:<br><strong>____Module 1<\/strong><br>*Replay en pr\u00e9paration<br><strong>____Module 2<\/strong><br>*Replay disponible \u00e0 la demande!<br><strong>PRIX semi-libre 15 euros<\/strong> par module.<\/p>\n\n\n\n<p>nous contacter pour l&rsquo;acc\u00e8s au replay <a href=\"mailto:rainbowlogie@gmail.com\">rainbowlogie@gmail.com<\/a><\/p>\n\n\n\n<figure class=\"wp-block-gallery columns-3 is-cropped wp-block-gallery-1 is-layout-flex wp-block-gallery-is-layout-flex\"><ul class=\"blocks-gallery-grid\"><li class=\"blocks-gallery-item\"><figure><img decoding=\"async\" src=\"https:\/\/rainbowlogie.be\/wp-content\/uploads\/2021\/03\/146443832_4274178869263269_1356925275043566871_o-1024x498.jpg\" alt=\"\" data-id=\"1385\" data-full-url=\"https:\/\/rainbowlogie.be\/wp-content\/uploads\/2021\/03\/146443832_4274178869263269_1356925275043566871_o.jpg\" data-link=\"https:\/\/rainbowlogie.be\/index.php\/replay\/146443832_4274178869263269_1356925275043566871_o\/\" class=\"wp-image-1385\"\/><\/figure><\/li><li class=\"blocks-gallery-item\"><figure><img decoding=\"async\" src=\"https:\/\/rainbowlogie.be\/wp-content\/uploads\/2021\/03\/146628558_4274178675929955_4199352961362932808_n.jpg\" alt=\"\" data-id=\"1386\" data-full-url=\"https:\/\/rainbowlogie.be\/wp-content\/uploads\/2021\/03\/146628558_4274178675929955_4199352961362932808_n.jpg\" data-link=\"https:\/\/rainbowlogie.be\/index.php\/replay\/146628558_4274178675929955_4199352961362932808_n\/\" class=\"wp-image-1386\"\/><\/figure><\/li><li class=\"blocks-gallery-item\"><figure><img decoding=\"async\" src=\"https:\/\/rainbowlogie.be\/wp-content\/uploads\/2020\/01\/IG_PROMO_20203.jpg\" alt=\"\" data-id=\"742\" data-full-url=\"https:\/\/rainbowlogie.be\/wp-content\/uploads\/2020\/01\/IG_PROMO_20203.jpg\" data-link=\"https:\/\/rainbowlogie.be\/ig_promo_20203\/\" class=\"wp-image-742\"\/><\/figure><\/li><\/ul><\/figure>\n\n\n\n<h2 class=\"wp-block-heading\"><br>L&rsquo;ortie<\/h2>\n\n\n\n<p>Atelier en ligne, en direct pour plus d&rsquo;autonomie : L&rsquo;ortie. <br>Plantes que tout le monde connait et peut identifier. <br>Plante majeure, m\u00e9dicinale et alimentaire, que nous pourrons tranquillement d\u00e9couvrir et approfondir. <\/p>\n\n\n\n<p>Pour avoir acc\u00e8s au replay, merci de nous contacter par mail:<br><a href=\"mailto:rainbowlogie@gmail.com\">rainbowlogie@gmail.com<\/a><\/p>\n\n\n\n<figure class=\"wp-block-gallery columns-3 is-cropped wp-block-gallery-2 is-layout-flex wp-block-gallery-is-layout-flex\"><ul class=\"blocks-gallery-grid\"><li class=\"blocks-gallery-item\"><figure><img decoding=\"async\" src=\"https:\/\/rainbowlogie.be\/wp-content\/uploads\/2020\/01\/IG_PROMO32-3.jpg\" alt=\"\" data-id=\"667\" data-full-url=\"https:\/\/rainbowlogie.be\/wp-content\/uploads\/2020\/01\/IG_PROMO32-3.jpg\" data-link=\"https:\/\/rainbowlogie.be\/ig_promo32-3\/\" class=\"wp-image-667\"\/><\/figure><\/li><li class=\"blocks-gallery-item\"><figure><img decoding=\"async\" src=\"https:\/\/rainbowlogie.be\/wp-content\/uploads\/2020\/01\/IG_PROMO43-2.jpg\" alt=\"\" data-id=\"660\" data-full-url=\"https:\/\/rainbowlogie.be\/wp-content\/uploads\/2020\/01\/IG_PROMO43-2.jpg\" data-link=\"https:\/\/rainbowlogie.be\/ig_promo43-2-2\/\" class=\"wp-image-660\"\/><\/figure><\/li><li class=\"blocks-gallery-item\"><figure><img decoding=\"async\" src=\"https:\/\/rainbowlogie.be\/wp-content\/uploads\/2020\/01\/IG_PROMO36-3.jpg\" alt=\"\" data-id=\"665\" data-full-url=\"https:\/\/rainbowlogie.be\/wp-content\/uploads\/2020\/01\/IG_PROMO36-3.jpg\" data-link=\"https:\/\/rainbowlogie.be\/ig_promo36-3\/\" class=\"wp-image-665\"\/><\/figure><\/li><\/ul><\/figure>\n\n\n\n<h2 class=\"wp-block-heading\"><br>Lunes joie et f\u00e9minin<\/h2>\n\n\n\n<p>\u25cbLunes, joie et f\u00e9minin\u25cb <br>Nouvel atelier <strong>en ligne, disponible <\/strong>en replay \u00e0 volont\u00e9!<br><br>Comprendre, apprendre ou r\u00e9apprendre comment nous et nos cycles menstruels, sommes connect\u00e9s <strong>aux cycles lunaires, \u00e0 la Nature et aux saisons<\/strong>.<br>Reprendre contact avec notre <strong>f\u00e9minin sacr\u00e9 et la JOIE<\/strong>. <br>Ou comment transformer cette pens\u00e9e: <br>\u00ab\u00a0ah m**** fait ch*** j&rsquo;ai (encore) mes r\u00e8gles !\u00a0\u00bb <\/p>\n\n\n\n<figure class=\"wp-block-image\"><img decoding=\"async\" src=\"https:\/\/static.xx.fbcdn.net\/images\/emoji.php\/v9\/t53\/1\/16\/1f605.png\" alt=\"\ud83d\ude05\"\/><\/figure>\n\n\n\n<p>Atelier en ligne ouvert \u00e0 tout le monde, <strong>m\u00eame vous les hommes<\/strong>! <br>L&rsquo;occasion de comprendre, apprendre et partager ensemble, en famille: m\u00e8res, filles, s\u0153urs, grand-m\u00e8res,&#8230; entre amis ou en couple.<br>Avec Christine Massy <br><br>Prix semi-libre: <br><strong>10 euros<\/strong> minimum <br><strong>5 euros<\/strong> pour les \u00e9tudiant.e.s<br><br>Pour avoir acc\u00e8s au replay, merci de nous contacter par mail: <a href=\"mailto:rainbowlogie@gmail.com\">rainbowlogie@gmail.com<\/a><br><br><a href=\"https:\/\/www.facebook.com\/hashtag\/rainbowlogie?__eep__=6&amp;__cft__[0]=AZVp8aoOF-4G4F9d3mCK82v6XWwB0ApDnNImfUXsdc3KvAd0F0x85yvtBaaUGxjV6Nz2uzrRBi1WwaAKhWZNAqq-JhEx8cFqHn326DOilxNtw899x6_QT-GY6KNL-bFXhMmIlGmGyz-Yc7uq6eRVL1Bby7XSAVgtgHXtOdiMSzaLow&amp;__tn__=*NK-y-R\">#rainbowlogie<\/a><a href=\"https:\/\/www.facebook.com\/hashtag\/gratitude?__eep__=6&amp;__cft__[0]=AZVp8aoOF-4G4F9d3mCK82v6XWwB0ApDnNImfUXsdc3KvAd0F0x85yvtBaaUGxjV6Nz2uzrRBi1WwaAKhWZNAqq-JhEx8cFqHn326DOilxNtw899x6_QT-GY6KNL-bFXhMmIlGmGyz-Yc7uq6eRVL1Bby7XSAVgtgHXtOdiMSzaLow&amp;__tn__=*NK-y-R\">#gratitude<\/a><a href=\"https:\/\/www.facebook.com\/hashtag\/sereconnecteralanature?__eep__=6&amp;__cft__[0]=AZVp8aoOF-4G4F9d3mCK82v6XWwB0ApDnNImfUXsdc3KvAd0F0x85yvtBaaUGxjV6Nz2uzrRBi1WwaAKhWZNAqq-JhEx8cFqHn326DOilxNtw899x6_QT-GY6KNL-bFXhMmIlGmGyz-Yc7uq6eRVL1Bby7XSAVgtgHXtOdiMSzaLow&amp;__tn__=*NK-y-R\">#sereconnecteralanature<\/a><a href=\"https:\/\/www.facebook.com\/hashtag\/femininsacre?__eep__=6&amp;__cft__[0]=AZVp8aoOF-4G4F9d3mCK82v6XWwB0ApDnNImfUXsdc3KvAd0F0x85yvtBaaUGxjV6Nz2uzrRBi1WwaAKhWZNAqq-JhEx8cFqHn326DOilxNtw899x6_QT-GY6KNL-bFXhMmIlGmGyz-Yc7uq6eRVL1Bby7XSAVgtgHXtOdiMSzaLow&amp;__tn__=*NK-y-R\">#femininsacre<\/a><a href=\"https:\/\/www.facebook.com\/hashtag\/femmesauvage?__eep__=6&amp;__cft__[0]=AZVp8aoOF-4G4F9d3mCK82v6XWwB0ApDnNImfUXsdc3KvAd0F0x85yvtBaaUGxjV6Nz2uzrRBi1WwaAKhWZNAqq-JhEx8cFqHn326DOilxNtw899x6_QT-GY6KNL-bFXhMmIlGmGyz-Yc7uq6eRVL1Bby7XSAVgtgHXtOdiMSzaLow&amp;__tn__=*NK-y-R\">#femmesauvage<\/a><a href=\"https:\/\/www.facebook.com\/hashtag\/lune?__eep__=6&amp;__cft__[0]=AZVp8aoOF-4G4F9d3mCK82v6XWwB0ApDnNImfUXsdc3KvAd0F0x85yvtBaaUGxjV6Nz2uzrRBi1WwaAKhWZNAqq-JhEx8cFqHn326DOilxNtw899x6_QT-GY6KNL-bFXhMmIlGmGyz-Yc7uq6eRVL1Bby7XSAVgtgHXtOdiMSzaLow&amp;__tn__=*NK-y-R\">#lune<\/a><a href=\"https:\/\/www.facebook.com\/hashtag\/cyclefe%CC%81minin?__eep__=6&amp;__cft__[0]=AZVp8aoOF-4G4F9d3mCK82v6XWwB0ApDnNImfUXsdc3KvAd0F0x85yvtBaaUGxjV6Nz2uzrRBi1WwaAKhWZNAqq-JhEx8cFqHn326DOilxNtw899x6_QT-GY6KNL-bFXhMmIlGmGyz-Yc7uq6eRVL1Bby7XSAVgtgHXtOdiMSzaLow&amp;__tn__=*NK-y-R\">#cyclef\u00e9minin<\/a><a href=\"https:\/\/www.facebook.com\/hashtag\/cyclemenstruel?__eep__=6&amp;__cft__[0]=AZVp8aoOF-4G4F9d3mCK82v6XWwB0ApDnNImfUXsdc3KvAd0F0x85yvtBaaUGxjV6Nz2uzrRBi1WwaAKhWZNAqq-JhEx8cFqHn326DOilxNtw899x6_QT-GY6KNL-bFXhMmIlGmGyz-Yc7uq6eRVL1Bby7XSAVgtgHXtOdiMSzaLow&amp;__tn__=*NK-y-R\">#cyclemenstruel<\/a><a href=\"https:\/\/www.facebook.com\/hashtag\/cercledefemmes?__eep__=6&amp;__cft__[0]=AZVp8aoOF-4G4F9d3mCK82v6XWwB0ApDnNImfUXsdc3KvAd0F0x85yvtBaaUGxjV6Nz2uzrRBi1WwaAKhWZNAqq-JhEx8cFqHn326DOilxNtw899x6_QT-GY6KNL-bFXhMmIlGmGyz-Yc7uq6eRVL1Bby7XSAVgtgHXtOdiMSzaLow&amp;__tn__=*NK-y-R\">#cercledefemmes<\/a><\/p>\n\n\n\n<figure class=\"wp-block-gallery columns-3 is-cropped wp-block-gallery-3 is-layout-flex wp-block-gallery-is-layout-flex\"><ul class=\"blocks-gallery-grid\"><li class=\"blocks-gallery-item\"><figure><img decoding=\"async\" src=\"https:\/\/rainbowlogie.be\/wp-content\/uploads\/2021\/01\/147512170_1411943785813490_8423212216896785304_o.jpg\" alt=\"\" data-id=\"1366\" data-full-url=\"https:\/\/rainbowlogie.be\/wp-content\/uploads\/2021\/01\/147512170_1411943785813490_8423212216896785304_o.jpg\" data-link=\"https:\/\/rainbowlogie.be\/index.php\/2021\/01\/07\/lunes-joie-feminin\/147512170_1411943785813490_8423212216896785304_o\/\" class=\"wp-image-1366\"\/><\/figure><\/li><li class=\"blocks-gallery-item\"><figure><img fetchpriority=\"high\" decoding=\"async\" width=\"960\" height=\"502\" src=\"https:\/\/rainbowlogie.be\/wp-content\/uploads\/2020\/12\/filles-\u00e0-leau.jpg\" alt=\"\" data-id=\"1273\" data-full-url=\"https:\/\/rainbowlogie.be\/wp-content\/uploads\/2020\/12\/filles-\u00e0-leau.jpg\" data-link=\"https:\/\/rainbowlogie.be\/index.php\/cercle-lune\/filles-a-leau-2\/\" class=\"wp-image-1273\" srcset=\"https:\/\/rainbowlogie.be\/wp-content\/uploads\/2020\/12\/filles-\u00e0-leau.jpg 960w, https:\/\/rainbowlogie.be\/wp-content\/uploads\/2020\/12\/filles-\u00e0-leau-300x157.jpg 300w, https:\/\/rainbowlogie.be\/wp-content\/uploads\/2020\/12\/filles-\u00e0-leau-768x402.jpg 768w, https:\/\/rainbowlogie.be\/wp-content\/uploads\/2020\/12\/filles-\u00e0-leau-520x272.jpg 520w, https:\/\/rainbowlogie.be\/wp-content\/uploads\/2020\/12\/filles-\u00e0-leau-740x387.jpg 740w\" sizes=\"(max-width: 960px) 100vw, 960px\" \/><\/figure><\/li><li class=\"blocks-gallery-item\"><figure><img decoding=\"async\" src=\"https:\/\/rainbowlogie.be\/wp-content\/uploads\/2020\/01\/pleine-lune-nasa.jpg\" alt=\"\" data-id=\"611\" data-full-url=\"https:\/\/rainbowlogie.be\/wp-content\/uploads\/2020\/01\/pleine-lune-nasa.jpg\" data-link=\"https:\/\/rainbowlogie.be\/index.php\/agenda\/pleine-lune-nasa\/\" class=\"wp-image-611\"\/><\/figure><\/li><\/ul><\/figure>\n","protected":false},"excerpt":{"rendered":"<p>Gemmoth\u00e9rapie \u00b0Gemmotherapie, se soigner avec les bourgeons des arbres. Initiation.\u00b0 Atelier en 2 parties: th\u00e9orie (+\/- 2h par module) Apprendre \u00e0 se soigner avec les bourgeons des arbres qui nous entourent, pour plus d&rsquo;autonomie et de lien avec la Nature et le vivant. >Th\u00e9orie en ligne, en 2 parties en vid\u00e9oconf\u00e9rence:____Module 1*Replay en pr\u00e9paration____Module 2*Replay<\/p>\n<div class=\"read-more-wrapper\"><a  href=\"https:\/\/rainbowlogie.be\/index.php\/replay\/\" title=\"Read More\"> <span class=\"nobutton\"> [&hellip;] <\/span><\/a><\/div>\n","protected":false},"author":1,"featured_media":0,"parent":0,"menu_order":0,"comment_status":"closed","ping_status":"closed","template":"","meta":{"footnotes":""},"class_list":["post-1379","page","type-page","status-publish","hentry"],"_links":{"self":[{"href":"https:\/\/rainbowlogie.be\/index.php\/wp-json\/wp\/v2\/pages\/1379","targetHints":{"allow":["GET"]}}],"collection":[{"href":"https:\/\/rainbowlogie.be\/index.php\/wp-json\/wp\/v2\/pages"}],"about":[{"href":"https:\/\/rainbowlogie.be\/index.php\/wp-json\/wp\/v2\/types\/page"}],"author":[{"embeddable":true,"href":"https:\/\/rainbowlogie.be\/index.php\/wp-json\/wp\/v2\/users\/1"}],"replies":[{"embeddable":true,"href":"https:\/\/rainbowlogie.be\/index.php\/wp-json\/wp\/v2\/comments?post=1379"}],"version-history":[{"count":7,"href":"https:\/\/rainbowlogie.be\/index.php\/wp-json\/wp\/v2\/pages\/1379\/revisions"}],"predecessor-version":[{"id":1384,"href":"https:\/\/rainbowlogie.be\/index.php\/wp-json\/wp\/v2\/pages\/1379\/revisions\/1384"}],"wp:attachment":[{"href":"https:\/\/rainbowlogie.be\/index.php\/wp-json\/wp\/v2\/media?parent=1379"}],"curies":[{"name":"wp","href":"https:\/\/api.w.org\/{rel}","templated":true}]}}